{"id":1306,"date":"2022-02-10T16:36:51","date_gmt":"2022-02-10T16:36:51","guid":{"rendered":"https:\/\/ma-trading.nl\/?post_type=product&#038;p=1306"},"modified":"2022-02-12T11:31:17","modified_gmt":"2022-02-12T11:31:17","slug":"fanta","status":"publish","type":"product","link":"https:\/\/ma-trading.nl\/en\/product\/fanta\/","title":{"rendered":"Fanta"},"content":{"rendered":"<p>Fanta Introduced in 1940, Fanta is inspired by real fruit flavors. Fanta is known for its great fruity\ntaste and fun vibrant colors for consumers who want to Be More Than One Flavor. Bright, bubbly\nand instantly refreshing, Fanta is made with 100% natural flavors and is caffeine-free. Its bright\ncolor, bold fruit taste, and tingly carbonation liven up special times with friends and family. Grab a\nFanta in a range of fruit flavors.<\/p>","protected":false},"excerpt":{"rendered":"<p>Fanta, ge\u00efntroduceerd in 1940, is ge\u00efnspireerd op echte fruitsmaken. Fanta staat bekend om zijn geweldige fruitige smaak en leuke levendige kleuren voor consumenten die meer dan \u00e9\u00e9n smaak willen zijn. Helder, bruisend en direct verfrissend, Fanta is gemaakt met 100% natuurlijke smaken en is cafe\u00efnevrij. De heldere kleur, de krachtige fruitsmaak en de tintelende koolzuur&hellip;<\/p>","protected":false},"featured_media":1308,"comment_status":"open","ping_status":"closed","template":"","meta":[],"product_cat":[71],"product_tag":[],"class_list":["post-1306","product","type-product","status-publish","has-post-thumbnail","hentry","product_cat-frisdrank","description-off"],"_links":{"self":[{"href":"https:\/\/ma-trading.nl\/en\/wp-json\/wp\/v2\/product\/1306","targetHints":{"allow":["GET"]}}],"collection":[{"href":"https:\/\/ma-trading.nl\/en\/wp-json\/wp\/v2\/product"}],"about":[{"href":"https:\/\/ma-trading.nl\/en\/wp-json\/wp\/v2\/types\/product"}],"replies":[{"embeddable":true,"href":"https:\/\/ma-trading.nl\/en\/wp-json\/wp\/v2\/comments?post=1306"}],"wp:featuredmedia":[{"embeddable":true,"href":"https:\/\/ma-trading.nl\/en\/wp-json\/wp\/v2\/media\/1308"}],"wp:attachment":[{"href":"https:\/\/ma-trading.nl\/en\/wp-json\/wp\/v2\/media?parent=1306"}],"wp:term":[{"taxonomy":"product_cat","embeddable":true,"href":"https:\/\/ma-trading.nl\/en\/wp-json\/wp\/v2\/product_cat?post=1306"},{"taxonomy":"product_tag","embeddable":true,"href":"https:\/\/ma-trading.nl\/en\/wp-json\/wp\/v2\/product_tag?post=1306"}],"curies":[{"name":"wp","href":"https:\/\/api.w.org\/{rel}","templated":true}]}}